{"id":552,"date":"2025-03-31T21:06:06","date_gmt":"2025-03-31T21:06:06","guid":{"rendered":"https:\/\/veterinariacavalls.com\/sobre-mi\/"},"modified":"2025-05-24T21:43:39","modified_gmt":"2025-05-24T21:43:39","slug":"sobre-mi","status":"publish","type":"page","link":"https:\/\/veterinariacavalls.com\/es\/sobre-mi\/","title":{"rendered":"SOBRE M\u00cd"},"content":{"rendered":"<div class=\"vce-row-container\"><div class=\"vce-row vce-element--has-background vce-row--col-gap-30 vce-row-full-height vce-row-columns--top vce-row-content--top\" data-vce-full-width=\"true\" id=\"el-795648fe\" data-vce-do-apply=\"all el-795648fe\"><div class=\"vce-content-background-container\"><\/div><div class=\"vce-row-content\" data-vce-element-content=\"true\"><div class=\"vce-col vce-col--md-45p vce-col--xs-1 vce-col--xs-last vce-col--xs-first vce-col--sm-last vce-col--sm-first vce-col--md-first vce-col--lg-first vce-col--xl-first\" id=\"el-ef92c25d\"><div class=\"vce-col-inner\" data-vce-do-apply=\"border margin background  el-ef92c25d\"><div class=\"vce-col-content\" data-vce-element-content=\"true\" data-vce-do-apply=\"padding el-ef92c25d\"><div class=\"vce vce-separator-container vce-separator--align-center vce-separator--style-solid\" id=\"el-caea8aa4\" data-vce-do-apply=\"margin el-caea8aa4\"><div class=\"vce-separator vce-separator--color-b-198-198-198 vce-separator--width-85 vce-separator--thickness-1\" data-vce-do-apply=\"border padding background  el-caea8aa4\"><\/div><\/div><div class=\"vce-google-fonts-heading vce-google-fonts-heading--align-center vce-google-fonts-heading--color-empty--45--5C00FF--FF7200 vce-google-fonts-heading--font-family-Montserrat\"><div id=\"el-774d29eb\" class=\"vce-google-fonts-heading-wrapper\"><div class=\"vce-google-fonts-heading--background vce\" data-vce-do-apply=\"border background  padding margin el-774d29eb\"><h1 class=\"vce-google-fonts-heading-inner\" style=\"font-size: 50px; font-weight: 700; font-style: normal;\">Iris Segura Roca<\/h1><\/div><\/div><\/div><div class=\"vce-single-image-container vce-single-image--align-center\"><div class=\"vce vce-single-image-wrapper\" id=\"el-09572fe4\" data-vce-do-apply=\"all el-09572fe4\"><figure><div class=\"vce-single-image-figure-inner\" style=\"width: 500px;\"><div class=\"vce-single-image-inner vce-single-image--absolute vce-single-image--border-rounded\" style=\"width: 100%; padding-bottom: 100%;\"><img loading=\"lazy\" decoding=\"async\" class=\"vce-single-image\"  width=\"500\" height=\"500\" srcset=\"https:\/\/veterinariacavalls.com\/wp-content\/uploads\/2025\/03\/IMG_20180530_200636_946-e1743457277265-320x320.jpg 320w, https:\/\/veterinariacavalls.com\/wp-content\/uploads\/2025\/03\/IMG_20180530_200636_946-e1743457277265-480x463.jpg 480w, https:\/\/veterinariacavalls.com\/wp-content\/uploads\/2025\/03\/IMG_20180530_200636_946-e1743457277265-800x772.jpg 800w, https:\/\/veterinariacavalls.com\/wp-content\/uploads\/2025\/05\/IMG_20180530_200636_946-e1743457277265-500x500.jpg 500w\" src=\"https:\/\/veterinariacavalls.com\/wp-content\/uploads\/2025\/05\/IMG_20180530_200636_946-e1743457277265-500x500.jpg\" data-img-src=\"https:\/\/veterinariacavalls.com\/wp-content\/uploads\/2025\/03\/IMG_20180530_200636_946-e1743457277265.jpg\" data-attachment-id=\"72\"  alt=\"\" title=\"IMG_20180530_200636_946\" \/><\/div><\/div><figcaption hidden=\"\"><\/figcaption><\/figure><\/div><\/div><div class=\"vce vce-separator-container vce-separator--align-center vce-separator--style-solid\" id=\"el-b401a6e2\" data-vce-do-apply=\"margin el-b401a6e2\"><div class=\"vce-separator vce-separator--color-b-198-198-198 vce-separator--width-85 vce-separator--thickness-1\" data-vce-do-apply=\"border padding background  el-b401a6e2\"><\/div><\/div><\/div><\/div><\/div><div class=\"vce-col vce-col--md-55p vce-col--xs-1 vce-col--xs-last vce-col--xs-first vce-col--sm-last vce-col--sm-first vce-col--md-last vce-col--lg-last vce-col--xl-last\" id=\"el-319b3a15\"><div class=\"vce-col-inner\" data-vce-do-apply=\"border margin background  el-319b3a15\"><div class=\"vce-col-content\" data-vce-element-content=\"true\" data-vce-do-apply=\"padding el-319b3a15\"><div class=\"vce-google-fonts-heading vce-google-fonts-heading--align-left vce-google-fonts-heading--color-empty--45--5C00FF--FF7200 vce-google-fonts-heading--font-family-Raleway\"><div id=\"el-adc5cdce\" class=\"vce-google-fonts-heading-wrapper\"><div class=\"vce-google-fonts-heading--background vce\" data-vce-do-apply=\"border background  padding margin el-adc5cdce\"><h2 class=\"vce-google-fonts-heading-inner\" style=\"font-size: 30px; font-weight: 800; font-style: normal;\">SOBRE M\u00cd ...  <\/h2><\/div><\/div><\/div><div class=\"vce-text-block\"><div class=\"vce-text-block-wrapper vce\" id=\"el-2ca5e123\" data-vce-do-apply=\"all el-2ca5e123\"><p><span style=\"font-family: Lato;\">Nacida en Barcelona, \u200b\u200bgraduada en Veterinaria por la Universidad Aut\u00f3noma de Barcelona en 2016.  <\/span><\/p>\n<p><span style=\"font-family: Lato;\">Despu\u00e9s de un tiempo de experiencia en Catalu\u00f1a, me fui a B\u00e9lgica, a un hospital veterinario equino de referencia, Dierenkliniek de Bosdreef, donde realic\u00e9 un programa de internado para especializarme en cl\u00ednica equina, durante 18 meses.  <\/span><\/p>\n<p><span style=\"font-family: Lato;\">Posteriormente trabaj\u00e9 en Inglaterra, ejerciendo la cl\u00ednica equina ambulante por los alrededores de Nottingham durante dos a\u00f1os.  <\/span><\/p>\n<p><span style=\"font-family: Lato;\">Hace cuatro a\u00f1os volv\u00ed a Catalu\u00f1a para seguir trabajando como veterinaria equina ambulante y actualmente me ubico en Reus, Tarragona.  <\/span><span style=\"font-family: Lato;\"> <\/span><\/p><\/div><\/div><\/div><\/div><\/div><\/div><\/div><\/div><div class=\"vce-row-container\" data-vce-boxed-width=\"true\"><div class=\"vce-row vce-row--col-gap-30 vce-row-content--top\" id=\"el-46a5def6\" data-vce-do-apply=\"all el-46a5def6\"><div class=\"vce-content-background-container\"><\/div><div class=\"vce-row-content\" data-vce-element-content=\"true\"><div class=\"vce-col vce-col--md-auto vce-col--xs-1 vce-col--xs-last vce-col--xs-first vce-col--sm-last vce-col--sm-first vce-col--md-last vce-col--lg-last vce-col--xl-last vce-col--md-first vce-col--lg-first vce-col--xl-first\" id=\"el-98188d4d\"><div class=\"vce-col-inner\" data-vce-do-apply=\"border margin background  el-98188d4d\"><div class=\"vce-col-content\" data-vce-element-content=\"true\" data-vce-do-apply=\"padding el-98188d4d\"><div class=\"vce-text-block\"><div class=\"vce-text-block-wrapper vce\" id=\"el-d2325b65\" data-vce-do-apply=\"all el-d2325b65\"><p style=\"text-align: center;\"><span style=\"font-family: Montserrat; font-weight: 400; font-style: italic;\">Las \u00e1reas que m\u00e1s me atraen de mi trabajo son la medicina interna, la neonatolog\u00eda y la oftalmolog\u00eda.  <\/span><\/p>\n<p style=\"text-align: center;\"><span style=\"font-family: Lato; font-weight: bold; font-style: normal;\">Estoy ubicada en Reus, pero ofrezco cobertura a una amplia \u00e1rea, principalmente en la provincia de Tarragona y en el sur de Barcelona.  <\/span><\/p><\/div><\/div><div class=\"vce-image-gallery vce-image-gallery--gap-10 vce-image-gallery--columns-5\"><div class=\"vce-image-gallery-wrapper vce\" id=\"el-06266e76\" data-vce-do-apply=\"all el-06266e76\"><div class=\"vce-image-gallery-list\"><div class=\"vce-image-gallery-item\"><figure class=\"vce-image-gallery-item-inner-wrapper\"><a href=\"https:\/\/veterinariacavalls.com\/wp-content\/uploads\/2025\/03\/WhatsApp-Image-2025-03-28-at-16.17.42-2-e1743451327385.jpeg\" data-lightbox=\"lightbox-06266e76\" class=\"vce-image-gallery-item-inner\"><img decoding=\"async\" class=\"vce-image-gallery-img vce-image-gallery-img--orientation-portrait\" src=\"https:\/\/veterinariacavalls.com\/wp-content\/uploads\/2025\/03\/WhatsApp-Image-2025-03-28-at-16.17.42-2-e1743451327385.jpeg\" alt=\"\" title=\"WhatsApp Image 28\/03\/2025 at 16.17.42 (2)\"><\/a><\/figure><\/div><div class=\"vce-image-gallery-item\"><figure class=\"vce-image-gallery-item-inner-wrapper\"><a href=\"https:\/\/veterinariacavalls.com\/wp-content\/uploads\/2025\/04\/20220305_130942-scaled.jpg\" data-lightbox=\"lightbox-06266e76\" class=\"vce-image-gallery-item-inner\"><img decoding=\"async\" class=\"vce-image-gallery-img\" src=\"https:\/\/veterinariacavalls.com\/wp-content\/uploads\/2025\/04\/20220305_130942-1280x960.jpg\" alt=\"\" title=\"20220305_130942\"><\/a><\/figure><\/div><div class=\"vce-image-gallery-item\"><figure class=\"vce-image-gallery-item-inner-wrapper\"><a href=\"https:\/\/veterinariacavalls.com\/wp-content\/uploads\/2025\/03\/WhatsApp-Image-2025-03-28-at-15.41.31-1.jpeg\" data-lightbox=\"lightbox-06266e76\" class=\"vce-image-gallery-item-inner\"><img decoding=\"async\" class=\"vce-image-gallery-img vce-image-gallery-img--orientation-portrait\" src=\"https:\/\/veterinariacavalls.com\/wp-content\/uploads\/2025\/03\/WhatsApp-Image-2025-03-28-at-15.41.31-1.jpeg\" alt=\"\" title=\"WhatsApp Image 28\/03\/2025 at 15.41.31 (1)\"><\/a><\/figure><\/div><div class=\"vce-image-gallery-item\"><figure class=\"vce-image-gallery-item-inner-wrapper\"><a href=\"https:\/\/veterinariacavalls.com\/wp-content\/uploads\/2025\/03\/WhatsApp-Image-2025-03-28-at-16.13.07.jpeg\" data-lightbox=\"lightbox-06266e76\" class=\"vce-image-gallery-item-inner\"><img decoding=\"async\" class=\"vce-image-gallery-img vce-image-gallery-img--orientation-portrait\" src=\"https:\/\/veterinariacavalls.com\/wp-content\/uploads\/2025\/03\/WhatsApp-Image-2025-03-28-at-16.13.07.jpeg\" alt=\"\" title=\"WhatsApp Image 28\/03\/2025 at 16.13.07\"><\/a><\/figure><\/div><div class=\"vce-image-gallery-item\"><figure class=\"vce-image-gallery-item-inner-wrapper\"><a href=\"https:\/\/veterinariacavalls.com\/wp-content\/uploads\/2025\/04\/foto-3-scaled.jpg\" data-lightbox=\"lightbox-06266e76\" class=\"vce-image-gallery-item-inner\"><img decoding=\"async\" class=\"vce-image-gallery-img vce-image-gallery-img--orientation-portrait\" src=\"https:\/\/veterinariacavalls.com\/wp-content\/uploads\/2025\/04\/foto-3-1280x1693.jpg\" alt=\"\" title=\"foto 3\"><\/a><\/figure><\/div><\/div><\/div><\/div><\/div><\/div><\/div><\/div><\/div><\/div><div class=\"vce-row-container\"><div class=\"vce-row vce-row--col-gap-0 vce-row-content--top\" data-vce-full-width=\"true\" data-vce-stretch-content=\"true\" id=\"el-8edcdeb9\" data-vce-do-apply=\"all el-8edcdeb9\"><div class=\"vce-content-background-container\"><\/div><div class=\"vce-row-content\" data-vce-element-content=\"true\"><div class=\"vce-col vce-col--xs-33p vce-col--xs-visible vce-col--xs-first vce-col--sm-100p vce-col--sm-visible vce-col--sm-last vce-col--sm-first vce-col--md-auto vce-col--md-visible vce-col--md-first vce-col--lg-auto vce-col--lg-visible vce-col--lg-first vce-col--xl-auto vce-col--xl-visible vce-col--xl-first\" id=\"el-49726838\"><div class=\"vce-col-inner\" data-vce-do-apply=\"border margin background  el-49726838\"><div class=\"vce-col-content\" data-vce-element-content=\"true\" data-vce-do-apply=\"padding el-49726838\"><div class=\"vce-image-gallery vce-image-gallery--gap-10 vce-image-gallery--columns-3 vce-image-gallery--border-rounded\"><div class=\"vce-image-gallery-wrapper vce\" id=\"el-68e77ad4\" data-vce-do-apply=\"all el-68e77ad4\"><div class=\"vce-image-gallery-list\"><div class=\"vce-image-gallery-item\"><figure class=\"vce-image-gallery-item-inner-wrapper\"><a href=\"https:\/\/veterinariacavalls.com\/wp-content\/uploads\/2025\/03\/WhatsApp-Image-2025-03-28-at-16.13.07.jpeg\" data-lightbox=\"lightbox-68e77ad4\" class=\"vce-image-gallery-item-inner\"><img decoding=\"async\" class=\"vce-image-gallery-img vce-image-gallery-img--orientation-portrait\" src=\"https:\/\/veterinariacavalls.com\/wp-content\/uploads\/2025\/03\/WhatsApp-Image-2025-03-28-at-16.13.07.jpeg\" alt=\"\" title=\"WhatsApp Image 28\/03\/2025 at 16.13.07\"><\/a><\/figure><\/div><\/div><\/div><\/div><\/div><\/div><\/div><div class=\"vce-col vce-col--xs-33p vce-col--xs-visible vce-col--sm-100p vce-col--sm-visible vce-col--sm-last vce-col--sm-first vce-col--md-auto vce-col--md-visible vce-col--lg-auto vce-col--lg-visible vce-col--xl-auto vce-col--xl-visible\" id=\"el-1c4f53ac\"><div class=\"vce-col-inner\" data-vce-do-apply=\"border margin background  el-1c4f53ac\"><div class=\"vce-col-content\" data-vce-element-content=\"true\" data-vce-do-apply=\"padding el-1c4f53ac\"><div class=\"vce-image-gallery vce-image-gallery--gap-0 vce-image-gallery--columns-3 vce-image-gallery--border-rounded\"><div class=\"vce-image-gallery-wrapper vce\" id=\"el-8e9c389c\" data-vce-do-apply=\"all el-8e9c389c\"><div class=\"vce-image-gallery-list\"><div class=\"vce-image-gallery-item\"><figure class=\"vce-image-gallery-item-inner-wrapper\"><a href=\"https:\/\/veterinariacavalls.com\/wp-content\/uploads\/2025\/04\/20220305_130942-scaled.jpg\" data-lightbox=\"lightbox-8e9c389c\" class=\"vce-image-gallery-item-inner\"><img decoding=\"async\" class=\"vce-image-gallery-img\" src=\"https:\/\/veterinariacavalls.com\/wp-content\/uploads\/2025\/04\/20220305_130942-1280x960.jpg\" alt=\"\" title=\"20220305_130942\"><\/a><\/figure><\/div><\/div><\/div><\/div><\/div><\/div><\/div><div class=\"vce-col vce-col--xs-33p vce-col--xs-visible vce-col--xs-last vce-col--sm-100p vce-col--sm-visible vce-col--sm-last vce-col--sm-first vce-col--md-auto vce-col--md-visible vce-col--md-last vce-col--lg-auto vce-col--lg-visible vce-col--lg-last vce-col--xl-auto vce-col--xl-visible vce-col--xl-last\" id=\"el-bd15d8c0\"><div class=\"vce-col-inner\" data-vce-do-apply=\"border margin background  el-bd15d8c0\"><div class=\"vce-col-content\" data-vce-element-content=\"true\" data-vce-do-apply=\"padding el-bd15d8c0\"><div class=\"vce-image-gallery vce-image-gallery--gap-10 vce-image-gallery--columns-3 vce-image-gallery--border-rounded\"><div class=\"vce-image-gallery-wrapper vce\" id=\"el-e4754a5d\" data-vce-do-apply=\"all el-e4754a5d\"><div class=\"vce-image-gallery-list\"><div class=\"vce-image-gallery-item\"><figure class=\"vce-image-gallery-item-inner-wrapper\"><a href=\"https:\/\/veterinariacavalls.com\/wp-content\/uploads\/2025\/03\/DSC_0934-scaled.jpg\" data-lightbox=\"lightbox-e4754a5d\" class=\"vce-image-gallery-item-inner\"><img decoding=\"async\" class=\"vce-image-gallery-img\" src=\"https:\/\/veterinariacavalls.com\/wp-content\/uploads\/2025\/03\/DSC_0934-1280x720.jpg\" alt=\"\" title=\"DSC_0934\"><\/a><\/figure><\/div><\/div><\/div><\/div><\/div><\/div><\/div><\/div><\/div><\/div><div class=\"vce-row-container\" data-vce-boxed-width=\"true\"><div class=\"vce-row vce-row--col-gap-30 vce-row-content--top\" id=\"el-5ab5c9b3\" data-vce-do-apply=\"all el-5ab5c9b3\"><div class=\"vce-content-background-container\"><\/div><div class=\"vce-row-content\" data-vce-element-content=\"true\"><div class=\"vce-col vce-col--md-25p vce-col--xs-1 vce-col--xs-last vce-col--xs-first vce-col--sm-last vce-col--sm-first vce-col--md-first vce-col--lg-first vce-col--xl-first\" id=\"el-da79126a\"><div class=\"vce-col-inner\" data-vce-do-apply=\"border margin background  el-da79126a\"><div class=\"vce-col-content\" data-vce-element-content=\"true\" data-vce-do-apply=\"padding el-da79126a\"><div class=\"vcv-row-control-wrapper\"><\/div><\/div><\/div><\/div><div class=\"vce-col vce-col--md-50p vce-col--xs-1 vce-col--xs-last vce-col--xs-first vce-col--sm-last vce-col--sm-first\" id=\"el-4c1012fe\"><div class=\"vce-col-inner\" data-vce-do-apply=\"border margin background  el-4c1012fe\"><div class=\"vce-col-content\" data-vce-element-content=\"true\" data-vce-do-apply=\"padding el-4c1012fe\"><div class=\"vce-button--style-outline-container vce-button--style-outline-container--align-center\"><span class=\"vce-button--style-outline-wrapper vce\" id=\"el-99ac3e5b\" data-vce-do-apply=\"margin el-99ac3e5b\"><a class=\"vce-button vce-button--style-outline-animated vce-button--style-outline--border-rounded vce-button--style-outline--size-medium vce-button--style-outline-animated--color-b-87-146-2--b-5-106-57--3d3d3d vce-button--style-outline-animated--border-color-b-5-106-57--3d3d3d vce-button--style-outline-animated--background-color-ba-0-0-0-0\" href=\"https:\/\/veterinariacavalls.com\/es\/contacto\/\" title=\"\" data-vce-do-apply=\"padding border background  el-99ac3e5b\"><span class=\"vce-button--style-outline-text\">Contacto<\/span><\/a><\/span><\/div><\/div><\/div><\/div><div class=\"vce-col vce-col--md-25p vce-col--xs-1 vce-col--xs-last vce-col--xs-first vce-col--sm-last vce-col--sm-first vce-col--md-last vce-col--lg-last vce-col--xl-last\" id=\"el-f474fa20\"><div class=\"vce-col-inner\" data-vce-do-apply=\"border margin background  el-f474fa20\"><div class=\"vce-col-content\" data-vce-element-content=\"true\" data-vce-do-apply=\"padding el-f474fa20\"><div class=\"vcv-row-control-wrapper\"><\/div><\/div><\/div><\/div><\/div><\/div><\/div><div class=\"vce-row-container\" data-vce-boxed-width=\"true\"><div class=\"vce-row vce-row--col-gap-30 vce-row-equal-height vce-row-content--top\" id=\"el-72fca760\" data-vce-do-apply=\"all el-72fca760\"><div class=\"vce-row-content\" data-vce-element-content=\"true\"><div class=\"vce-col vce-col--md-auto vce-col--xs-1 vce-col--xs-last vce-col--xs-first vce-col--sm-last vce-col--sm-first vce-col--md-last vce-col--lg-last vce-col--xl-last vce-col--md-first vce-col--lg-first vce-col--xl-first\" id=\"el-7d81129a\"><div class=\"vce-col-inner\" data-vce-do-apply=\"border margin background  el-7d81129a\"><div class=\"vce-col-content\" data-vce-element-content=\"true\" data-vce-do-apply=\"padding el-7d81129a\"><div class=\"vcv-row-control-wrapper\"><\/div><\/div><\/div><\/div><\/div><\/div><\/div>","protected":false},"excerpt":{"rendered":"<p>Iris Segura RocaSOBRE M\u00cd &#8230; Nacida en Barcelona, \u200b\u200bgraduada en Veterinaria por la Universidad Aut\u00f3noma de Barcelona en 2016. Despu\u00e9s de un tiempo de experiencia en Catalu\u00f1a, me fui a B\u00e9lgica, a un hospital veterinario equino de referencia, Dierenkliniek de Bosdreef, donde realic\u00e9 un programa de internado para especializarme en cl\u00ednica equina, durante 18 meses&#8230;.<\/p>\n","protected":false},"author":1,"featured_media":0,"parent":0,"menu_order":0,"comment_status":"closed","ping_status":"closed","template":"","meta":{"footnotes":""},"class_list":["post-552","page","type-page","status-publish","hentry"],"yoast_head":"<!-- This site is optimized with the Yoast SEO plugin v26.1.1 - https:\/\/yoast.com\/wordpress\/plugins\/seo\/ -->\n<title>SOBRE M\u00cd | Veterin\u00e0ria Cavalls<\/title>\n<meta name=\"robots\" content=\"index, follow, max-snippet:-1, max-image-preview:large, max-video-preview:-1\" \/>\n<link rel=\"canonical\" href=\"https:\/\/veterinariacavalls.com\/es\/sobre-mi\/\" \/>\n<meta property=\"og:locale\" content=\"es_ES\" \/>\n<meta property=\"og:type\" content=\"article\" \/>\n<meta property=\"og:title\" content=\"SOBRE M\u00cd | Veterin\u00e0ria Cavalls\" \/>\n<meta property=\"og:description\" content=\"Iris Segura RocaSOBRE M\u00cd ... Nacida en Barcelona, \u200b\u200bgraduada en Veterinaria por la Universidad Aut\u00f3noma de Barcelona en 2016. Despu\u00e9s de un tiempo de experiencia en Catalu\u00f1a, me fui a B\u00e9lgica, a un hospital veterinario equino de referencia, Dierenkliniek de Bosdreef, donde realic\u00e9 un programa de internado para especializarme en cl\u00ednica equina, durante 18 meses....\" \/>\n<meta property=\"og:url\" content=\"https:\/\/veterinariacavalls.com\/es\/sobre-mi\/\" \/>\n<meta property=\"og:site_name\" content=\"Veterin\u00e0ria Cavalls\" \/>\n<meta property=\"article:modified_time\" content=\"2025-05-24T21:43:39+00:00\" \/>\n<meta property=\"og:image\" content=\"https:\/\/veterinariacavalls.com\/wp-content\/uploads\/2025\/04\/logo-horitzontal-5-e1745008132271.jpg\" \/>\n\t<meta property=\"og:image:width\" content=\"1043\" \/>\n\t<meta property=\"og:image:height\" content=\"457\" \/>\n\t<meta property=\"og:image:type\" content=\"image\/jpeg\" \/>\n<meta name=\"twitter:card\" content=\"summary_large_image\" \/>\n<meta name=\"twitter:label1\" content=\"Tiempo de lectura\" \/>\n\t<meta name=\"twitter:data1\" content=\"1 minuto\" \/>\n<script type=\"application\/ld+json\" class=\"yoast-schema-graph\">{\"@context\":\"https:\/\/schema.org\",\"@graph\":[{\"@type\":\"WebPage\",\"@id\":\"https:\/\/veterinariacavalls.com\/es\/sobre-mi\/\",\"url\":\"https:\/\/veterinariacavalls.com\/es\/sobre-mi\/\",\"name\":\"SOBRE M\u00cd | Veterin\u00e0ria Cavalls\",\"isPartOf\":{\"@id\":\"https:\/\/veterinariacavalls.com\/#website\"},\"datePublished\":\"2025-03-31T21:06:06+00:00\",\"dateModified\":\"2025-05-24T21:43:39+00:00\",\"breadcrumb\":{\"@id\":\"https:\/\/veterinariacavalls.com\/es\/sobre-mi\/#breadcrumb\"},\"inLanguage\":\"es\",\"potentialAction\":[{\"@type\":\"ReadAction\",\"target\":[\"https:\/\/veterinariacavalls.com\/es\/sobre-mi\/\"]}]},{\"@type\":\"BreadcrumbList\",\"@id\":\"https:\/\/veterinariacavalls.com\/es\/sobre-mi\/#breadcrumb\",\"itemListElement\":[{\"@type\":\"ListItem\",\"position\":1,\"name\":\"Inici\",\"item\":\"https:\/\/veterinariacavalls.com\/es\/inicio\/\"},{\"@type\":\"ListItem\",\"position\":2,\"name\":\"SOBRE M\u00cd\"}]},{\"@type\":\"WebSite\",\"@id\":\"https:\/\/veterinariacavalls.com\/#website\",\"url\":\"https:\/\/veterinariacavalls.com\/\",\"name\":\"Veterin\u00e0ria Cavalls\",\"description\":\"Veterin\u00e0ria equina a Tarragona\",\"publisher\":{\"@id\":\"https:\/\/veterinariacavalls.com\/#organization\"},\"alternateName\":\"Veterin\u00e0ria Cavalls\",\"potentialAction\":[{\"@type\":\"SearchAction\",\"target\":{\"@type\":\"EntryPoint\",\"urlTemplate\":\"https:\/\/veterinariacavalls.com\/?s={search_term_string}\"},\"query-input\":{\"@type\":\"PropertyValueSpecification\",\"valueRequired\":true,\"valueName\":\"search_term_string\"}}],\"inLanguage\":\"es\"},{\"@type\":\"Organization\",\"@id\":\"https:\/\/veterinariacavalls.com\/#organization\",\"name\":\"Veterin\u00e0ria Cavalls\",\"alternateName\":\"Veterin\u00e0ria equina a Tarragona\",\"url\":\"https:\/\/veterinariacavalls.com\/\",\"logo\":{\"@type\":\"ImageObject\",\"inLanguage\":\"es\",\"@id\":\"https:\/\/veterinariacavalls.com\/#\/schema\/logo\/image\/\",\"url\":\"https:\/\/veterinariacavalls.com\/wp-content\/uploads\/2025\/04\/logo-horitzontal-5-e1745008132271.jpg\",\"contentUrl\":\"https:\/\/veterinariacavalls.com\/wp-content\/uploads\/2025\/04\/logo-horitzontal-5-e1745008132271.jpg\",\"width\":1043,\"height\":457,\"caption\":\"Veterin\u00e0ria Cavalls\"},\"image\":{\"@id\":\"https:\/\/veterinariacavalls.com\/#\/schema\/logo\/image\/\"}}]}<\/script>\n<!-- \/ Yoast SEO plugin. -->","yoast_head_json":{"title":"SOBRE M\u00cd | Veterin\u00e0ria Cavalls","robots":{"index":"index","follow":"follow","max-snippet":"max-snippet:-1","max-image-preview":"max-image-preview:large","max-video-preview":"max-video-preview:-1"},"canonical":"https:\/\/veterinariacavalls.com\/es\/sobre-mi\/","og_locale":"es_ES","og_type":"article","og_title":"SOBRE M\u00cd | Veterin\u00e0ria Cavalls","og_description":"Iris Segura RocaSOBRE M\u00cd ... Nacida en Barcelona, \u200b\u200bgraduada en Veterinaria por la Universidad Aut\u00f3noma de Barcelona en 2016. Despu\u00e9s de un tiempo de experiencia en Catalu\u00f1a, me fui a B\u00e9lgica, a un hospital veterinario equino de referencia, Dierenkliniek de Bosdreef, donde realic\u00e9 un programa de internado para especializarme en cl\u00ednica equina, durante 18 meses....","og_url":"https:\/\/veterinariacavalls.com\/es\/sobre-mi\/","og_site_name":"Veterin\u00e0ria Cavalls","article_modified_time":"2025-05-24T21:43:39+00:00","og_image":[{"width":1043,"height":457,"url":"https:\/\/veterinariacavalls.com\/wp-content\/uploads\/2025\/04\/logo-horitzontal-5-e1745008132271.jpg","type":"image\/jpeg"}],"twitter_card":"summary_large_image","twitter_misc":{"Tiempo de lectura":"1 minuto"},"schema":{"@context":"https:\/\/schema.org","@graph":[{"@type":"WebPage","@id":"https:\/\/veterinariacavalls.com\/es\/sobre-mi\/","url":"https:\/\/veterinariacavalls.com\/es\/sobre-mi\/","name":"SOBRE M\u00cd | Veterin\u00e0ria Cavalls","isPartOf":{"@id":"https:\/\/veterinariacavalls.com\/#website"},"datePublished":"2025-03-31T21:06:06+00:00","dateModified":"2025-05-24T21:43:39+00:00","breadcrumb":{"@id":"https:\/\/veterinariacavalls.com\/es\/sobre-mi\/#breadcrumb"},"inLanguage":"es","potentialAction":[{"@type":"ReadAction","target":["https:\/\/veterinariacavalls.com\/es\/sobre-mi\/"]}]},{"@type":"BreadcrumbList","@id":"https:\/\/veterinariacavalls.com\/es\/sobre-mi\/#breadcrumb","itemListElement":[{"@type":"ListItem","position":1,"name":"Inici","item":"https:\/\/veterinariacavalls.com\/es\/inicio\/"},{"@type":"ListItem","position":2,"name":"SOBRE M\u00cd"}]},{"@type":"WebSite","@id":"https:\/\/veterinariacavalls.com\/#website","url":"https:\/\/veterinariacavalls.com\/","name":"Veterin\u00e0ria Cavalls","description":"Veterin\u00e0ria equina a Tarragona","publisher":{"@id":"https:\/\/veterinariacavalls.com\/#organization"},"alternateName":"Veterin\u00e0ria Cavalls","potentialAction":[{"@type":"SearchAction","target":{"@type":"EntryPoint","urlTemplate":"https:\/\/veterinariacavalls.com\/?s={search_term_string}"},"query-input":{"@type":"PropertyValueSpecification","valueRequired":true,"valueName":"search_term_string"}}],"inLanguage":"es"},{"@type":"Organization","@id":"https:\/\/veterinariacavalls.com\/#organization","name":"Veterin\u00e0ria Cavalls","alternateName":"Veterin\u00e0ria equina a Tarragona","url":"https:\/\/veterinariacavalls.com\/","logo":{"@type":"ImageObject","inLanguage":"es","@id":"https:\/\/veterinariacavalls.com\/#\/schema\/logo\/image\/","url":"https:\/\/veterinariacavalls.com\/wp-content\/uploads\/2025\/04\/logo-horitzontal-5-e1745008132271.jpg","contentUrl":"https:\/\/veterinariacavalls.com\/wp-content\/uploads\/2025\/04\/logo-horitzontal-5-e1745008132271.jpg","width":1043,"height":457,"caption":"Veterin\u00e0ria Cavalls"},"image":{"@id":"https:\/\/veterinariacavalls.com\/#\/schema\/logo\/image\/"}}]}},"_links":{"self":[{"href":"https:\/\/veterinariacavalls.com\/es\/wp-json\/wp\/v2\/pages\/552","targetHints":{"allow":["GET"]}}],"collection":[{"href":"https:\/\/veterinariacavalls.com\/es\/wp-json\/wp\/v2\/pages"}],"about":[{"href":"https:\/\/veterinariacavalls.com\/es\/wp-json\/wp\/v2\/types\/page"}],"author":[{"embeddable":true,"href":"https:\/\/veterinariacavalls.com\/es\/wp-json\/wp\/v2\/users\/1"}],"replies":[{"embeddable":true,"href":"https:\/\/veterinariacavalls.com\/es\/wp-json\/wp\/v2\/comments?post=552"}],"version-history":[{"count":4,"href":"https:\/\/veterinariacavalls.com\/es\/wp-json\/wp\/v2\/pages\/552\/revisions"}],"predecessor-version":[{"id":574,"href":"https:\/\/veterinariacavalls.com\/es\/wp-json\/wp\/v2\/pages\/552\/revisions\/574"}],"wp:attachment":[{"href":"https:\/\/veterinariacavalls.com\/es\/wp-json\/wp\/v2\/media?parent=552"}],"curies":[{"name":"wp","href":"https:\/\/api.w.org\/{rel}","templated":true}]}}