{"id":548,"date":"2025-03-31T21:27:34","date_gmt":"2025-03-31T21:27:34","guid":{"rendered":"https:\/\/veterinariacavalls.com\/contacto\/"},"modified":"2025-05-24T21:43:49","modified_gmt":"2025-05-24T21:43:49","slug":"contacto","status":"publish","type":"page","link":"https:\/\/veterinariacavalls.com\/es\/contacto\/","title":{"rendered":"CONTACTO"},"content":{"rendered":"<div class=\"vce-row-container\" data-vce-boxed-width=\"true\"><div class=\"vce-row vce-element--xl--has-background vce-row--col-gap-30 vce-row-equal-height vce-row-content--top\" id=\"el-236e3c04\" data-vce-do-apply=\"all el-236e3c04\"><div class=\"vce-content-background-container\"><\/div><div class=\"vce-row-content\" data-vce-element-content=\"true\"><div class=\"vce-col vce-col--md-36p vce-col--xs-1 vce-col--xs-last vce-col--xs-first vce-col--sm-last vce-col--sm-first vce-col--md-first vce-col--lg-first vce-col--xl-first\" id=\"el-4a25b0cf\"><div class=\"vce-col-inner\" data-vce-do-apply=\"border margin background  el-4a25b0cf\"><div class=\"vce-col-content\" data-vce-element-content=\"true\" data-vce-do-apply=\"padding el-4a25b0cf\"><div class=\"vcv-row-control-wrapper\"><\/div><\/div><\/div><\/div><div class=\"vce-col vce-col--md-34p vce-col--xs-1 vce-col--xs-last vce-col--xs-first vce-col--sm-last vce-col--sm-first\" id=\"el-e302ded8\"><div class=\"vce-col-inner\" data-vce-do-apply=\"border margin background  el-e302ded8\"><div class=\"vce-col-content\" data-vce-element-content=\"true\" data-vce-do-apply=\"padding el-e302ded8\"><div class=\"vce-text-block\"><div class=\"vce-text-block-wrapper vce\" id=\"el-beb249fa\" data-vce-do-apply=\"all el-beb249fa\"><h2 style=\"line-height: 1.25; text-align: center;\"><span style=\"font-family: Oswald; font-size: 24pt; color: #0f1022;\"><span class=\"s1\"><strong>LL\u00c1MAME<\/strong><\/span><\/span><\/h2>\n<p class=\"p1\" style=\"line-height: 1.5; text-align: center;\"><span class=\"s1\" style=\"font-family: Poppins; font-weight: 300; font-style: normal; font-size: 24pt; color: #363636;\">678 85 55 12<\/span><\/p><\/div><\/div><\/div><\/div><\/div><div class=\"vce-col vce-col--md-30p vce-col--xs-1 vce-col--xs-last vce-col--xs-first vce-col--sm-last vce-col--sm-first vce-col--md-last vce-col--lg-last vce-col--xl-last\" id=\"el-4cd0715b\"><div class=\"vce-col-inner\" data-vce-do-apply=\"border margin background  el-4cd0715b\"><div class=\"vce-col-content\" data-vce-element-content=\"true\" data-vce-do-apply=\"padding el-4cd0715b\"><div class=\"vcv-row-control-wrapper\"><\/div><\/div><\/div><\/div><\/div><\/div><\/div><div class=\"vce-row-container\" data-vce-boxed-width=\"true\"><div class=\"vce-row vce-element--xl--has-background vce-row--col-gap-30 vce-row-equal-height vce-row-content--top\" id=\"el-750c953f\" data-vce-do-apply=\"all el-750c953f\"><div class=\"vce-content-background-container\"><\/div><div class=\"vce-row-content\" data-vce-element-content=\"true\"><div class=\"vce-col vce-col--md-36p vce-col--xs-1 vce-col--xs-last vce-col--xs-first vce-col--sm-last vce-col--sm-first vce-col--md-first vce-col--lg-first vce-col--xl-first\" id=\"el-ca4e2aae\"><div class=\"vce-col-inner\" data-vce-do-apply=\"border margin background  el-ca4e2aae\"><div class=\"vce-col-content\" data-vce-element-content=\"true\" data-vce-do-apply=\"padding el-ca4e2aae\"><div class=\"vce-features vce-var-icon vce-features--style-filled-circle vce-features--size-tiny\" style=\"--iconAlignment: center; --iconColor: #fff; --iconColorHover: #fff; --shapeColor: #3cb878; --shapeColorHover: #3cb878; --linkColorHover: #36a56b;\"><div id=\"el-cda21e97\" class=\"vce vce-features-icon-wrapper\" data-vce-do-apply=\"all el-cda21e97\"><div class=\"vce-features--icon vce-icon\"><svg xmlns=\"https:\/\/www.w3.org\/2000\/svg\" viewBox=\"0 0 769 769\"><path stroke-width=\"25\" d=\"M565.755 696.27h-360l-180-311.77 180-311.77h360l180 311.77z\"><\/path><\/svg><span class=\"vce-icon-container fas fa-mail-bulk\"><\/span><\/div><\/div><\/div><div class=\"vce-text-block\"><div class=\"vce-text-block-wrapper vce\" id=\"el-c28c95b4\" data-vce-do-apply=\"all el-c28c95b4\"><p class=\"p1\" style=\"line-height: 1.5; text-align: center;\"><span class=\"s1\" style=\"font-family: Poppins; font-weight: 300; font-style: normal; font-size: 16pt; color: #363636;\">iseguraroca@gmail.com<\/span><\/p><\/div><\/div><\/div><\/div><\/div><div class=\"vce-col vce-col--md-34p vce-col--xs-1 vce-col--xs-last vce-col--xs-first vce-col--sm-last vce-col--sm-first\" id=\"el-2f7e0581\"><div class=\"vce-col-inner\" data-vce-do-apply=\"border margin background  el-2f7e0581\"><div class=\"vce-col-content\" data-vce-element-content=\"true\" data-vce-do-apply=\"padding el-2f7e0581\"><div class=\"vce-features vce-var-icon vce-features--style-filled-circle vce-features--size-tiny\" style=\"--iconAlignment: center; --iconColor: #fff; --iconColorHover: #fff; --shapeColor: #3cb878; --shapeColorHover: #3cb878; --linkColorHover: #36a56b;\"><div id=\"el-2347937a\" class=\"vce vce-features-icon-wrapper\" data-vce-do-apply=\"all el-2347937a\"><div class=\"vce-features--icon vce-icon\"><svg xmlns=\"https:\/\/www.w3.org\/2000\/svg\" viewBox=\"0 0 769 769\"><path stroke-width=\"25\" d=\"M565.755 696.27h-360l-180-311.77 180-311.77h360l180 311.77z\"><\/path><\/svg><span class=\"vce-icon-container fas fa-camera-retro\"><\/span><\/div><\/div><\/div><div class=\"vce-text-block\"><div class=\"vce-text-block-wrapper vce\" id=\"el-7ea4ba51\" data-vce-do-apply=\"all el-7ea4ba51\"><p class=\"p1\" style=\"line-height: 1.5; text-align: center;\"><span style=\"font-size: 18pt;\"><a href=\"https:\/\/www.instagram.com\/iris.vetequina\"><span class=\"s1\" style=\"font-family: Poppins; font-weight: 300; font-style: normal; color: #363636;\">@iris.vetequina<\/span><\/a><\/span><\/p><\/div><\/div><\/div><\/div><\/div><div class=\"vce-col vce-col--md-30p vce-col--xs-1 vce-col--xs-last vce-col--xs-first vce-col--sm-last vce-col--sm-first vce-col--md-last vce-col--lg-last vce-col--xl-last\" id=\"el-638ce560\"><div class=\"vce-col-inner\" data-vce-do-apply=\"border margin background  el-638ce560\"><div class=\"vce-col-content\" data-vce-element-content=\"true\" data-vce-do-apply=\"padding el-638ce560\"><div class=\"vce-features vce-var-icon vce-features--style-filled-circle vce-features--size-tiny\" style=\"--iconAlignment: center; --iconColor: #fff; --iconColorHover: #fff; --shapeColor: #3cb878; --shapeColorHover: #3cb878; --linkColorHover: #36a56b;\"><div id=\"el-72581c00\" class=\"vce vce-features-icon-wrapper\" data-vce-do-apply=\"all el-72581c00\"><div class=\"vce-features--icon vce-icon\"><svg xmlns=\"https:\/\/www.w3.org\/2000\/svg\" viewBox=\"0 0 769 769\"><path stroke-width=\"25\" d=\"M565.755 696.27h-360l-180-311.77 180-311.77h360l180 311.77z\"><\/path><\/svg><span class=\"vce-icon-container fas fa-location-arrow\"><\/span><\/div><\/div><\/div><div class=\"vce-text-block\"><div class=\"vce-text-block-wrapper vce\" id=\"el-1cb2d0c1\" data-vce-do-apply=\"all el-1cb2d0c1\"><p class=\"p1\" style=\"line-height: 1.5; text-align: center;\"><span class=\"s1\" style=\"font-family: Poppins; font-weight: 300; font-style: normal; font-size: 18pt; color: #363636;\">Tarragona<\/span><\/p><\/div><\/div><\/div><\/div><\/div><\/div><\/div><\/div><div class=\"vce-row-container\" data-vce-boxed-width=\"true\"><div class=\"vce-row vce-row--col-gap-30 vce-row-equal-height vce-row-content--top\" id=\"el-cd94ee25\" data-vce-do-apply=\"all el-cd94ee25\"><div class=\"vce-content-background-container\"><\/div><div class=\"vce-row-content\" data-vce-element-content=\"true\"><div class=\"vce-col vce-col--md-auto vce-col--xs-1 vce-col--xs-last vce-col--xs-first vce-col--sm-last vce-col--sm-first vce-col--md-last vce-col--lg-last vce-col--xl-last vce-col--md-first vce-col--lg-first vce-col--xl-first\" id=\"el-9550aed5\"><div class=\"vce-col-inner\" data-vce-do-apply=\"border margin background  el-9550aed5\"><div class=\"vce-col-content\" data-vce-element-content=\"true\" data-vce-do-apply=\"padding el-9550aed5\"><div class=\"vce-single-image-container vce-single-image--align-center\"><div class=\"vce vce-single-image-wrapper\" id=\"el-d1116f57\" data-vce-do-apply=\"all el-d1116f57\"><figure><div class=\"vce-single-image-figure-inner\" style=\"width: 1200px;\"><div class=\"vce-single-image-inner vce-single-image--absolute\" style=\"width: 100%; padding-bottom: 41.6667%;\"><img loading=\"lazy\" decoding=\"async\" class=\"vce-single-image\"  width=\"1200\" height=\"500\" srcset=\"https:\/\/veterinariacavalls.com\/wp-content\/uploads\/2025\/04\/Foto-1-320x320.jpg 320w, https:\/\/veterinariacavalls.com\/wp-content\/uploads\/2025\/04\/Foto-1-480x320.jpg 480w, https:\/\/veterinariacavalls.com\/wp-content\/uploads\/2025\/04\/Foto-1-800x533.jpg 800w, https:\/\/veterinariacavalls.com\/wp-content\/uploads\/2025\/05\/Foto-1-1200x500.jpg 1200w\" src=\"https:\/\/veterinariacavalls.com\/wp-content\/uploads\/2025\/05\/Foto-1-1200x500.jpg\" data-img-src=\"https:\/\/veterinariacavalls.com\/wp-content\/uploads\/2025\/04\/Foto-1.jpg\" data-attachment-id=\"275\"  alt=\"\" title=\"Foto 1\" \/><\/div><\/div><figcaption hidden=\"\"><\/figcaption><\/figure><\/div><\/div><\/div><\/div><\/div><\/div><\/div><\/div><div class=\"vce-row-container\" data-vce-boxed-width=\"true\"><div class=\"vce-row vce-element--xl--has-background vce-row--col-gap-30 vce-row-equal-height vce-row-content--top\" id=\"el-518f1553\" data-vce-do-apply=\"all el-518f1553\"><div class=\"vce-content-background-container\"><\/div><div class=\"vce-row-content\" data-vce-element-content=\"true\"><div class=\"vce-col vce-col--xs-hide vce-col--xs-first vce-col--sm-hide vce-col--sm-first vce-col--md-20p vce-col--md-visible vce-col--md-first vce-col--lg-30p vce-col--lg-visible vce-col--lg-first vce-col--xl-30p vce-col--xl-visible vce-col--xl-first\" id=\"el-e4880a45\"><div class=\"vce-col-inner\" data-vce-do-apply=\"border margin background  el-e4880a45\"><div class=\"vce-col-content\" data-vce-element-content=\"true\" data-vce-do-apply=\"padding el-e4880a45\"><div class=\"vcv-row-control-wrapper\"><\/div><\/div><\/div><\/div><div class=\"vce-col vce-col--xs-100p vce-col--xs-visible vce-col--xs-last vce-col--sm-100p vce-col--sm-visible vce-col--sm-last vce-col--md-60p vce-col--md-visible vce-col--lg-40p vce-col--lg-visible vce-col--xl-40p vce-col--xl-visible\" id=\"el-673e7198\"><div class=\"vce-col-inner\" data-vce-do-apply=\"border margin background  el-673e7198\"><div class=\"vce-col-content\" data-vce-element-content=\"true\" data-vce-do-apply=\"padding el-673e7198\"><div class=\"vce-text-block\"><div class=\"vce-text-block-wrapper vce\" id=\"el-1efb653f\" data-vce-do-apply=\"all el-1efb653f\"><h3 style=\"line-height: 1.25; text-align: center;\"><span class=\"s1\" style=\"font-family: Poppins; font-weight: 300; font-style: normal; font-size: 12pt; color: #363636;\">Si todav\u00eda no me conoces, \u00a1llama sin compromiso!<\/span><\/h3><\/div><\/div><div class=\"vce-single-image-container vce-single-image--align-center\"><div class=\"vce vce-single-image-wrapper\" id=\"el-d5b97381\" data-vce-do-apply=\"all el-d5b97381\"><figure><div class=\"vce-single-image-figure-inner\" style=\"width: 926px;\"><div class=\"vce-single-image-inner vce-single-image--absolute vce-single-image--border-round\" style=\"width: 100%; padding-bottom: 100%;\"><img loading=\"lazy\" decoding=\"async\" class=\"vce-single-image\"  width=\"926\" height=\"926\" srcset=\"https:\/\/veterinariacavalls.com\/wp-content\/uploads\/2025\/04\/foto-2-320x320.jpeg 320w, https:\/\/veterinariacavalls.com\/wp-content\/uploads\/2025\/04\/foto-2-480x651.jpeg 480w, https:\/\/veterinariacavalls.com\/wp-content\/uploads\/2025\/04\/foto-2-800x1084.jpeg 800w, https:\/\/veterinariacavalls.com\/wp-content\/uploads\/2025\/04\/foto-2-926x810.jpeg 926w\" src=\"https:\/\/veterinariacavalls.com\/wp-content\/uploads\/2025\/04\/foto-2-926x810.jpeg\" data-img-src=\"https:\/\/veterinariacavalls.com\/wp-content\/uploads\/2025\/04\/foto-2.jpeg\" data-attachment-id=\"276\"  alt=\"\" title=\"foto 2\" \/><\/div><\/div><figcaption hidden=\"\"><\/figcaption><\/figure><\/div><\/div><\/div><\/div><\/div><div class=\"vce-col vce-col--xs-hide vce-col--xs-first vce-col--sm-hide vce-col--sm-first vce-col--md-20p vce-col--md-visible vce-col--md-last vce-col--lg-30p vce-col--lg-visible vce-col--lg-last vce-col--xl-30p vce-col--xl-visible vce-col--xl-last\" id=\"el-6a088140\"><div class=\"vce-col-inner\" data-vce-do-apply=\"border margin background  el-6a088140\"><div class=\"vce-col-content\" data-vce-element-content=\"true\" data-vce-do-apply=\"padding el-6a088140\"><div class=\"vcv-row-control-wrapper\"><\/div><\/div><\/div><\/div><\/div><\/div><\/div><div class=\"vce-row-container\" data-vce-boxed-width=\"true\"><div class=\"vce-row vce-row--col-gap-30 vce-row-equal-height vce-row-content--top\" id=\"el-377f493c\" data-vce-do-apply=\"all el-377f493c\"><div class=\"vce-row-content\" data-vce-element-content=\"true\"><div class=\"vce-col vce-col--md-auto vce-col--xs-1 vce-col--xs-last vce-col--xs-first vce-col--sm-last vce-col--sm-first vce-col--md-last vce-col--lg-last vce-col--xl-last vce-col--md-first vce-col--lg-first vce-col--xl-first\" id=\"el-6c308c4d\"><div class=\"vce-col-inner\" data-vce-do-apply=\"border margin background  el-6c308c4d\"><div class=\"vce-col-content\" data-vce-element-content=\"true\" data-vce-do-apply=\"padding el-6c308c4d\"><div class=\"vcv-row-control-wrapper\"><\/div><\/div><\/div><\/div><\/div><\/div><\/div>","protected":false},"excerpt":{"rendered":"<p>LL\u00c1MAME 678 85 55 12iseguraroca@gmail.com@iris.vetequinaTarragonaSi todav\u00eda no me conoces, \u00a1llama sin compromiso!<\/p>\n","protected":false},"author":1,"featured_media":0,"parent":0,"menu_order":0,"comment_status":"closed","ping_status":"closed","template":"","meta":{"footnotes":""},"class_list":["post-548","page","type-page","status-publish","hentry"],"yoast_head":"<!-- This site is optimized with the Yoast SEO plugin v26.1.1 - https:\/\/yoast.com\/wordpress\/plugins\/seo\/ -->\n<title>CONTACTO | Veterin\u00e0ria Cavalls<\/title>\n<meta name=\"robots\" content=\"index, follow, max-snippet:-1, max-image-preview:large, max-video-preview:-1\" \/>\n<link rel=\"canonical\" href=\"https:\/\/veterinariacavalls.com\/es\/contacto\/\" \/>\n<meta property=\"og:locale\" content=\"es_ES\" \/>\n<meta property=\"og:type\" content=\"article\" \/>\n<meta property=\"og:title\" content=\"CONTACTO | Veterin\u00e0ria Cavalls\" \/>\n<meta property=\"og:description\" content=\"LL\u00c1MAME 678 85 55 12iseguraroca@gmail.com@iris.vetequinaTarragonaSi todav\u00eda no me conoces, \u00a1llama sin compromiso!\" \/>\n<meta property=\"og:url\" content=\"https:\/\/veterinariacavalls.com\/es\/contacto\/\" \/>\n<meta property=\"og:site_name\" content=\"Veterin\u00e0ria Cavalls\" \/>\n<meta property=\"article:modified_time\" content=\"2025-05-24T21:43:49+00:00\" \/>\n<meta property=\"og:image\" content=\"https:\/\/veterinariacavalls.com\/wp-content\/uploads\/2025\/04\/logo-horitzontal-5-e1745008132271.jpg\" \/>\n\t<meta property=\"og:image:width\" content=\"1043\" \/>\n\t<meta property=\"og:image:height\" content=\"457\" \/>\n\t<meta property=\"og:image:type\" content=\"image\/jpeg\" \/>\n<meta name=\"twitter:card\" content=\"summary_large_image\" \/>\n<script type=\"application\/ld+json\" class=\"yoast-schema-graph\">{\"@context\":\"https:\/\/schema.org\",\"@graph\":[{\"@type\":\"WebPage\",\"@id\":\"https:\/\/veterinariacavalls.com\/es\/contacto\/\",\"url\":\"https:\/\/veterinariacavalls.com\/es\/contacto\/\",\"name\":\"CONTACTO | Veterin\u00e0ria Cavalls\",\"isPartOf\":{\"@id\":\"https:\/\/veterinariacavalls.com\/#website\"},\"datePublished\":\"2025-03-31T21:27:34+00:00\",\"dateModified\":\"2025-05-24T21:43:49+00:00\",\"breadcrumb\":{\"@id\":\"https:\/\/veterinariacavalls.com\/es\/contacto\/#breadcrumb\"},\"inLanguage\":\"es\",\"potentialAction\":[{\"@type\":\"ReadAction\",\"target\":[\"https:\/\/veterinariacavalls.com\/es\/contacto\/\"]}]},{\"@type\":\"BreadcrumbList\",\"@id\":\"https:\/\/veterinariacavalls.com\/es\/contacto\/#breadcrumb\",\"itemListElement\":[{\"@type\":\"ListItem\",\"position\":1,\"name\":\"Inici\",\"item\":\"https:\/\/veterinariacavalls.com\/es\/inicio\/\"},{\"@type\":\"ListItem\",\"position\":2,\"name\":\"CONTACTO\"}]},{\"@type\":\"WebSite\",\"@id\":\"https:\/\/veterinariacavalls.com\/#website\",\"url\":\"https:\/\/veterinariacavalls.com\/\",\"name\":\"Veterin\u00e0ria Cavalls\",\"description\":\"Veterin\u00e0ria equina a Tarragona\",\"publisher\":{\"@id\":\"https:\/\/veterinariacavalls.com\/#organization\"},\"alternateName\":\"Veterin\u00e0ria Cavalls\",\"potentialAction\":[{\"@type\":\"SearchAction\",\"target\":{\"@type\":\"EntryPoint\",\"urlTemplate\":\"https:\/\/veterinariacavalls.com\/?s={search_term_string}\"},\"query-input\":{\"@type\":\"PropertyValueSpecification\",\"valueRequired\":true,\"valueName\":\"search_term_string\"}}],\"inLanguage\":\"es\"},{\"@type\":\"Organization\",\"@id\":\"https:\/\/veterinariacavalls.com\/#organization\",\"name\":\"Veterin\u00e0ria Cavalls\",\"alternateName\":\"Veterin\u00e0ria equina a Tarragona\",\"url\":\"https:\/\/veterinariacavalls.com\/\",\"logo\":{\"@type\":\"ImageObject\",\"inLanguage\":\"es\",\"@id\":\"https:\/\/veterinariacavalls.com\/#\/schema\/logo\/image\/\",\"url\":\"https:\/\/veterinariacavalls.com\/wp-content\/uploads\/2025\/04\/logo-horitzontal-5-e1745008132271.jpg\",\"contentUrl\":\"https:\/\/veterinariacavalls.com\/wp-content\/uploads\/2025\/04\/logo-horitzontal-5-e1745008132271.jpg\",\"width\":1043,\"height\":457,\"caption\":\"Veterin\u00e0ria Cavalls\"},\"image\":{\"@id\":\"https:\/\/veterinariacavalls.com\/#\/schema\/logo\/image\/\"}}]}<\/script>\n<!-- \/ Yoast SEO plugin. -->","yoast_head_json":{"title":"CONTACTO | Veterin\u00e0ria Cavalls","robots":{"index":"index","follow":"follow","max-snippet":"max-snippet:-1","max-image-preview":"max-image-preview:large","max-video-preview":"max-video-preview:-1"},"canonical":"https:\/\/veterinariacavalls.com\/es\/contacto\/","og_locale":"es_ES","og_type":"article","og_title":"CONTACTO | Veterin\u00e0ria Cavalls","og_description":"LL\u00c1MAME 678 85 55 12iseguraroca@gmail.com@iris.vetequinaTarragonaSi todav\u00eda no me conoces, \u00a1llama sin compromiso!","og_url":"https:\/\/veterinariacavalls.com\/es\/contacto\/","og_site_name":"Veterin\u00e0ria Cavalls","article_modified_time":"2025-05-24T21:43:49+00:00","og_image":[{"width":1043,"height":457,"url":"https:\/\/veterinariacavalls.com\/wp-content\/uploads\/2025\/04\/logo-horitzontal-5-e1745008132271.jpg","type":"image\/jpeg"}],"twitter_card":"summary_large_image","schema":{"@context":"https:\/\/schema.org","@graph":[{"@type":"WebPage","@id":"https:\/\/veterinariacavalls.com\/es\/contacto\/","url":"https:\/\/veterinariacavalls.com\/es\/contacto\/","name":"CONTACTO | Veterin\u00e0ria Cavalls","isPartOf":{"@id":"https:\/\/veterinariacavalls.com\/#website"},"datePublished":"2025-03-31T21:27:34+00:00","dateModified":"2025-05-24T21:43:49+00:00","breadcrumb":{"@id":"https:\/\/veterinariacavalls.com\/es\/contacto\/#breadcrumb"},"inLanguage":"es","potentialAction":[{"@type":"ReadAction","target":["https:\/\/veterinariacavalls.com\/es\/contacto\/"]}]},{"@type":"BreadcrumbList","@id":"https:\/\/veterinariacavalls.com\/es\/contacto\/#breadcrumb","itemListElement":[{"@type":"ListItem","position":1,"name":"Inici","item":"https:\/\/veterinariacavalls.com\/es\/inicio\/"},{"@type":"ListItem","position":2,"name":"CONTACTO"}]},{"@type":"WebSite","@id":"https:\/\/veterinariacavalls.com\/#website","url":"https:\/\/veterinariacavalls.com\/","name":"Veterin\u00e0ria Cavalls","description":"Veterin\u00e0ria equina a Tarragona","publisher":{"@id":"https:\/\/veterinariacavalls.com\/#organization"},"alternateName":"Veterin\u00e0ria Cavalls","potentialAction":[{"@type":"SearchAction","target":{"@type":"EntryPoint","urlTemplate":"https:\/\/veterinariacavalls.com\/?s={search_term_string}"},"query-input":{"@type":"PropertyValueSpecification","valueRequired":true,"valueName":"search_term_string"}}],"inLanguage":"es"},{"@type":"Organization","@id":"https:\/\/veterinariacavalls.com\/#organization","name":"Veterin\u00e0ria Cavalls","alternateName":"Veterin\u00e0ria equina a Tarragona","url":"https:\/\/veterinariacavalls.com\/","logo":{"@type":"ImageObject","inLanguage":"es","@id":"https:\/\/veterinariacavalls.com\/#\/schema\/logo\/image\/","url":"https:\/\/veterinariacavalls.com\/wp-content\/uploads\/2025\/04\/logo-horitzontal-5-e1745008132271.jpg","contentUrl":"https:\/\/veterinariacavalls.com\/wp-content\/uploads\/2025\/04\/logo-horitzontal-5-e1745008132271.jpg","width":1043,"height":457,"caption":"Veterin\u00e0ria Cavalls"},"image":{"@id":"https:\/\/veterinariacavalls.com\/#\/schema\/logo\/image\/"}}]}},"_links":{"self":[{"href":"https:\/\/veterinariacavalls.com\/es\/wp-json\/wp\/v2\/pages\/548","targetHints":{"allow":["GET"]}}],"collection":[{"href":"https:\/\/veterinariacavalls.com\/es\/wp-json\/wp\/v2\/pages"}],"about":[{"href":"https:\/\/veterinariacavalls.com\/es\/wp-json\/wp\/v2\/types\/page"}],"author":[{"embeddable":true,"href":"https:\/\/veterinariacavalls.com\/es\/wp-json\/wp\/v2\/users\/1"}],"replies":[{"embeddable":true,"href":"https:\/\/veterinariacavalls.com\/es\/wp-json\/wp\/v2\/comments?post=548"}],"version-history":[{"count":8,"href":"https:\/\/veterinariacavalls.com\/es\/wp-json\/wp\/v2\/pages\/548\/revisions"}],"predecessor-version":[{"id":577,"href":"https:\/\/veterinariacavalls.com\/es\/wp-json\/wp\/v2\/pages\/548\/revisions\/577"}],"wp:attachment":[{"href":"https:\/\/veterinariacavalls.com\/es\/wp-json\/wp\/v2\/media?parent=548"}],"curies":[{"name":"wp","href":"https:\/\/api.w.org\/{rel}","templated":true}]}}